{"id":105,"date":"2023-11-22T03:30:27","date_gmt":"2023-11-22T02:30:27","guid":{"rendered":"https:\/\/acbenetusser.com\/rutatapabenetusser\/?page_id=105"},"modified":"2023-12-06T07:15:04","modified_gmt":"2023-12-06T06:15:04","slug":"sorteo","status":"publish","type":"page","link":"https:\/\/acbenetusser.com\/rutatapabenetusser\/es\/sorteo\/","title":{"rendered":"Sorteo"},"content":{"rendered":"\n<p>Se sortear\u00e1n 14 premios entre las personas que visiten seis establecimientos de la ruta y depositen su &#8220;pasatapas&#8221; en las urnas que se encontrar\u00e1n en cada uno de los locales de hosteler\u00eda participantes. Los &#8220;pasatapas&#8221; deber\u00e1n ir obligatoriamente sellados por cada uno de los establecimientos visitados.<\/p>\n\n\n\n<h2 class=\"wp-block-heading\">Premios<\/h2>\n\n\n\n<p>Premios para ser consumidos en los establecimientos de hosteler\u00eda asociados a la Associaci\u00f3 de Comer\u00e7 i Hostaleria de Benet\u00fasser que participen en la promoci\u00f3n:<\/p>\n\n\n\n<ul class=\"wp-block-list\">\n<li>1 Premio de 100 \u20ac<\/li>\n\n\n\n<li>1 Premio de 50 \u20ac<\/li>\n\n\n\n<li>1 Premio de 20 \u20ac<\/li>\n<\/ul>\n\n\n\n<p>Premios para ser consumidos en los establecimientos participantes en la 8\u00aa Ruta de la Tapa de Benet\u00fasser:<\/p>\n\n\n\n<ul class=\"wp-block-list\">\n<li>12 premios de 25\u20ac cada uno. Solo podr\u00e1n ser consumidos en los establecimientos designados.<\/li>\n<\/ul>\n\n\n\n<h2 class=\"wp-block-heading\">Condiciones de participaci\u00f3n<\/h2>\n\n\n\n<ul class=\"wp-block-list\">\n<li>La votaci\u00f3n y participaci\u00f3n en el sorteo se realizar\u00e1 mediante un &#8220;PASATAPAS&#8221;.<\/li>\n\n\n\n<li>En cada uno de los establecimientos participantes de la 8a Ruta de la Tapa de Benet\u00fasser habr\u00e1 una urna donde se deber\u00e1n depositar los \u201cpasatapas\u201d.<\/li>\n\n\n\n<li>Los participantes podr\u00e1n aportar tantas \u201cpasatapas\u201d como deseen no estableciendo l\u00edmite alguno en cuanto a su n\u00famero.<\/li>\n\n\n\n<li>Solo se asignara un premio por persona.<\/li>\n\n\n\n<li>Para que los \u201cPasatapas\u201d sean considerados v\u00e1lidos deber\u00e1n ser sellados por seis establecimientos distintos y llevar nombre y tel\u00e9fono de contacto del participante.<\/li>\n\n\n\n<li>Los \u201cpasatapas\u201d que lleven m\u00e1s de un sello del mismo establecimiento o que no lleven los datos de contacto b\u00e1sico (nombre y tel\u00e9fono) ser\u00e1n considerados no v\u00e1lidos. <\/li>\n\n\n\n<li>Los participantes tambi\u00e9n podr\u00e1n elegir cu\u00e1l es la tapa que m\u00e1s le ha gustado. La tapa m\u00e1s votada ser\u00e1 premiada como TAPA POPULAR DE BENET\u00daSSER 2023.<\/li>\n\n\n\n<li>El l\u00edmite m\u00e1ximo para depositar los \u201cpasatapas\u201d ser\u00e1 hasta el 26 noviembre de 2023.<\/li>\n\n\n\n<li>El resultado se dar\u00e1 a conocer el 17 de diciembre en el Mercado de Navidad, as\u00ed como en las redes sociales del Ayuntamiento de Benet\u00fasser y de la Associaci\u00f3 de Comer\u00e7 i Hostaleria de Benet\u00fasser.<\/li>\n\n\n\n<li>Para garantizar la transparencia del sorteo, la aceptaci\u00f3n del premio por parte del ganador implicar\u00e1 necesariamente que autoriza a la entidad organizadora a utilizar publicamente su nombre e imagen en el material publicitario relacionado con la presente promoci\u00f3n, tanto en prensa escrita como en medios audiovisuales o internet.<\/li>\n<\/ul>\n\n\n\n<h3 class=\"wp-block-heading\">Protecci\u00f3n de datos<\/h3>\n\n\n\n<ul class=\"wp-block-list\">\n<li>La participaci\u00f3n en el sorteo implica, por s\u00ed misma, la aceptaci\u00f3n de las bases<\/li>\n\n\n\n<li>La falta de esta aceptaci\u00f3n por parte del concursante comportar\u00e1 la exclusi\u00f3n del sorteo. La organizaci\u00f3n no podr\u00e1 utilizar dichos datos con una finalidad distinta a la finalidad indicada en las presentes bases, trat\u00e1ndolos de acuerdo a la legislaci\u00f3n vigente en materia de protecci\u00f3n de datos.<\/li>\n<\/ul>\n\n\n\n<h3 class=\"wp-block-heading\">Responsabilidad y Aceptaci\u00f3n de las bases<\/h3>\n\n\n\n<ul class=\"wp-block-list\">\n<li>La participaci\u00f3n en el sorteo supone la aceptaci\u00f3n de las presentes del sorteo sin modificaci\u00f3n alguna y sin necesidad de firma convencional, as\u00ed como del criterio de la organizaci\u00f3n en cuanto a la resoluci\u00f3n de cualquier cuesti\u00f3n derivada del sorteo.<\/li>\n<\/ul>\n","protected":false},"excerpt":{"rendered":"<div class=\"mh-excerpt\"><p>Se sortear\u00e1n 14 premios entre las personas que visiten seis establecimientos de la ruta y depositen su &#8220;pasatapas&#8221; en las urnas que se encontrar\u00e1n en <a class=\"mh-excerpt-more\" href=\"https:\/\/acbenetusser.com\/rutatapabenetusser\/es\/sorteo\/\" title=\"Sorteo\">[&#8230;]<\/a><\/p>\n<\/div>","protected":false},"author":1,"featured_media":104,"parent":0,"menu_order":0,"comment_status":"closed","ping_status":"closed","template":"template-full.php","meta":{"footnotes":""},"class_list":["post-105","page","type-page","status-publish","has-post-thumbnail","hentry"],"yoast_head":"<!-- This site is optimized with the Yoast SEO plugin v25.1 - https:\/\/yoast.com\/wordpress\/plugins\/seo\/ -->\n<title>Sorteo - Ruta de la Tapa de Benet\u00fasser<\/title>\n<meta name=\"description\" content=\"Condiciones y bases de participaci\u00f3n en el sorteo de la 8\u00aa Ruta de la Tapa de Benet\u00fasser\" \/>\n<meta name=\"robots\" content=\"index, follow, max-snippet:-1, max-image-preview:large, max-video-preview:-1\" \/>\n<link rel=\"canonical\" href=\"https:\/\/acbenetusser.com\/rutatapabenetusser\/es\/sorteo\/\" \/>\n<meta property=\"og:locale\" content=\"ca_ES\" \/>\n<meta property=\"og:type\" content=\"article\" \/>\n<meta property=\"og:title\" content=\"Sorteo - Ruta de la Tapa de Benet\u00fasser\" \/>\n<meta property=\"og:description\" content=\"Condiciones y bases de participaci\u00f3n en el sorteo de la 8\u00aa Ruta de la Tapa de Benet\u00fasser\" \/>\n<meta property=\"og:url\" content=\"https:\/\/acbenetusser.com\/rutatapabenetusser\/es\/sorteo\/\" \/>\n<meta property=\"og:site_name\" content=\"Ruta de la Tapa de Benet\u00fasser\" \/>\n<meta property=\"article:modified_time\" content=\"2023-12-06T06:15:04+00:00\" \/>\n<meta property=\"og:image\" content=\"https:\/\/acbenetusser.com\/rutatapabenetusser\/wp-content\/uploads\/sites\/3\/2023\/11\/cropped-820Ruta20de20la20tapa20de20Benetusser.jpg\" \/>\n\t<meta property=\"og:image:width\" content=\"1024\" \/>\n\t<meta property=\"og:image:height\" content=\"375\" \/>\n\t<meta property=\"og:image:type\" content=\"image\/jpeg\" \/>\n<meta name=\"twitter:card\" content=\"summary_large_image\" \/>\n<meta name=\"twitter:label1\" content=\"Temps estimat de lectura\" \/>\n\t<meta name=\"twitter:data1\" content=\"3 minuts\" \/>\n<script type=\"application\/ld+json\" class=\"yoast-schema-graph\">{\"@context\":\"https:\/\/schema.org\",\"@graph\":[{\"@type\":\"WebPage\",\"@id\":\"https:\/\/acbenetusser.com\/rutatapabenetusser\/es\/sorteo\/\",\"url\":\"https:\/\/acbenetusser.com\/rutatapabenetusser\/es\/sorteo\/\",\"name\":\"Sorteo - Ruta de la Tapa de Benet\u00fasser\",\"isPartOf\":{\"@id\":\"https:\/\/acbenetusser.com\/rutatapabenetusser\/#website\"},\"primaryImageOfPage\":{\"@id\":\"https:\/\/acbenetusser.com\/rutatapabenetusser\/es\/sorteo\/#primaryimage\"},\"image\":{\"@id\":\"https:\/\/acbenetusser.com\/rutatapabenetusser\/es\/sorteo\/#primaryimage\"},\"thumbnailUrl\":\"https:\/\/acbenetusser.com\/rutatapabenetusser\/wp-content\/uploads\/sites\/3\/2023\/11\/cropped-820Ruta20de20la20tapa20de20Benetusser.jpg\",\"datePublished\":\"2023-11-22T02:30:27+00:00\",\"dateModified\":\"2023-12-06T06:15:04+00:00\",\"description\":\"Condiciones y bases de participaci\u00f3n en el sorteo de la 8\u00aa Ruta de la Tapa de Benet\u00fasser\",\"breadcrumb\":{\"@id\":\"https:\/\/acbenetusser.com\/rutatapabenetusser\/es\/sorteo\/#breadcrumb\"},\"inLanguage\":\"ca\",\"potentialAction\":[{\"@type\":\"ReadAction\",\"target\":[\"https:\/\/acbenetusser.com\/rutatapabenetusser\/es\/sorteo\/\"]}]},{\"@type\":\"ImageObject\",\"inLanguage\":\"ca\",\"@id\":\"https:\/\/acbenetusser.com\/rutatapabenetusser\/es\/sorteo\/#primaryimage\",\"url\":\"https:\/\/acbenetusser.com\/rutatapabenetusser\/wp-content\/uploads\/sites\/3\/2023\/11\/cropped-820Ruta20de20la20tapa20de20Benetusser.jpg\",\"contentUrl\":\"https:\/\/acbenetusser.com\/rutatapabenetusser\/wp-content\/uploads\/sites\/3\/2023\/11\/cropped-820Ruta20de20la20tapa20de20Benetusser.jpg\",\"width\":1024,\"height\":375,\"caption\":\"Banner 8\u00aa Ruta de la Tpa de Benet\u00fasser\"},{\"@type\":\"BreadcrumbList\",\"@id\":\"https:\/\/acbenetusser.com\/rutatapabenetusser\/es\/sorteo\/#breadcrumb\",\"itemListElement\":[{\"@type\":\"ListItem\",\"position\":1,\"name\":\"Inici\",\"item\":\"https:\/\/acbenetusser.com\/rutatapabenetusser\/\"},{\"@type\":\"ListItem\",\"position\":2,\"name\":\"Sorteo\"}]},{\"@type\":\"WebSite\",\"@id\":\"https:\/\/acbenetusser.com\/rutatapabenetusser\/#website\",\"url\":\"https:\/\/acbenetusser.com\/rutatapabenetusser\/\",\"name\":\"Ruta de la Tapa de Benet\u00fasser\",\"description\":\"9\u00aa Edici\u00f3: 2024. Des del 20 fins al 24 de novembre\",\"potentialAction\":[{\"@type\":\"SearchAction\",\"target\":{\"@type\":\"EntryPoint\",\"urlTemplate\":\"https:\/\/acbenetusser.com\/rutatapabenetusser\/?s={search_term_string}\"},\"query-input\":{\"@type\":\"PropertyValueSpecification\",\"valueRequired\":true,\"valueName\":\"search_term_string\"}}],\"inLanguage\":\"ca\"}]}<\/script>\n<!-- \/ Yoast SEO plugin. -->","yoast_head_json":{"title":"Sorteo - Ruta de la Tapa de Benet\u00fasser","description":"Condiciones y bases de participaci\u00f3n en el sorteo de la 8\u00aa Ruta de la Tapa de Benet\u00fasser","robots":{"index":"index","follow":"follow","max-snippet":"max-snippet:-1","max-image-preview":"max-image-preview:large","max-video-preview":"max-video-preview:-1"},"canonical":"https:\/\/acbenetusser.com\/rutatapabenetusser\/es\/sorteo\/","og_locale":"ca_ES","og_type":"article","og_title":"Sorteo - Ruta de la Tapa de Benet\u00fasser","og_description":"Condiciones y bases de participaci\u00f3n en el sorteo de la 8\u00aa Ruta de la Tapa de Benet\u00fasser","og_url":"https:\/\/acbenetusser.com\/rutatapabenetusser\/es\/sorteo\/","og_site_name":"Ruta de la Tapa de Benet\u00fasser","article_modified_time":"2023-12-06T06:15:04+00:00","og_image":[{"width":1024,"height":375,"url":"https:\/\/acbenetusser.com\/rutatapabenetusser\/wp-content\/uploads\/sites\/3\/2023\/11\/cropped-820Ruta20de20la20tapa20de20Benetusser.jpg","type":"image\/jpeg"}],"twitter_card":"summary_large_image","twitter_misc":{"Temps estimat de lectura":"3 minuts"},"schema":{"@context":"https:\/\/schema.org","@graph":[{"@type":"WebPage","@id":"https:\/\/acbenetusser.com\/rutatapabenetusser\/es\/sorteo\/","url":"https:\/\/acbenetusser.com\/rutatapabenetusser\/es\/sorteo\/","name":"Sorteo - Ruta de la Tapa de Benet\u00fasser","isPartOf":{"@id":"https:\/\/acbenetusser.com\/rutatapabenetusser\/#website"},"primaryImageOfPage":{"@id":"https:\/\/acbenetusser.com\/rutatapabenetusser\/es\/sorteo\/#primaryimage"},"image":{"@id":"https:\/\/acbenetusser.com\/rutatapabenetusser\/es\/sorteo\/#primaryimage"},"thumbnailUrl":"https:\/\/acbenetusser.com\/rutatapabenetusser\/wp-content\/uploads\/sites\/3\/2023\/11\/cropped-820Ruta20de20la20tapa20de20Benetusser.jpg","datePublished":"2023-11-22T02:30:27+00:00","dateModified":"2023-12-06T06:15:04+00:00","description":"Condiciones y bases de participaci\u00f3n en el sorteo de la 8\u00aa Ruta de la Tapa de Benet\u00fasser","breadcrumb":{"@id":"https:\/\/acbenetusser.com\/rutatapabenetusser\/es\/sorteo\/#breadcrumb"},"inLanguage":"ca","potentialAction":[{"@type":"ReadAction","target":["https:\/\/acbenetusser.com\/rutatapabenetusser\/es\/sorteo\/"]}]},{"@type":"ImageObject","inLanguage":"ca","@id":"https:\/\/acbenetusser.com\/rutatapabenetusser\/es\/sorteo\/#primaryimage","url":"https:\/\/acbenetusser.com\/rutatapabenetusser\/wp-content\/uploads\/sites\/3\/2023\/11\/cropped-820Ruta20de20la20tapa20de20Benetusser.jpg","contentUrl":"https:\/\/acbenetusser.com\/rutatapabenetusser\/wp-content\/uploads\/sites\/3\/2023\/11\/cropped-820Ruta20de20la20tapa20de20Benetusser.jpg","width":1024,"height":375,"caption":"Banner 8\u00aa Ruta de la Tpa de Benet\u00fasser"},{"@type":"BreadcrumbList","@id":"https:\/\/acbenetusser.com\/rutatapabenetusser\/es\/sorteo\/#breadcrumb","itemListElement":[{"@type":"ListItem","position":1,"name":"Inici","item":"https:\/\/acbenetusser.com\/rutatapabenetusser\/"},{"@type":"ListItem","position":2,"name":"Sorteo"}]},{"@type":"WebSite","@id":"https:\/\/acbenetusser.com\/rutatapabenetusser\/#website","url":"https:\/\/acbenetusser.com\/rutatapabenetusser\/","name":"Ruta de la Tapa de Benet\u00fasser","description":"9\u00aa Edici\u00f3: 2024. Des del 20 fins al 24 de novembre","potentialAction":[{"@type":"SearchAction","target":{"@type":"EntryPoint","urlTemplate":"https:\/\/acbenetusser.com\/rutatapabenetusser\/?s={search_term_string}"},"query-input":{"@type":"PropertyValueSpecification","valueRequired":true,"valueName":"search_term_string"}}],"inLanguage":"ca"}]}},"_links":{"self":[{"href":"https:\/\/acbenetusser.com\/rutatapabenetusser\/wp-json\/wp\/v2\/pages\/105","targetHints":{"allow":["GET"]}}],"collection":[{"href":"https:\/\/acbenetusser.com\/rutatapabenetusser\/wp-json\/wp\/v2\/pages"}],"about":[{"href":"https:\/\/acbenetusser.com\/rutatapabenetusser\/wp-json\/wp\/v2\/types\/page"}],"author":[{"embeddable":true,"href":"https:\/\/acbenetusser.com\/rutatapabenetusser\/wp-json\/wp\/v2\/users\/1"}],"replies":[{"embeddable":true,"href":"https:\/\/acbenetusser.com\/rutatapabenetusser\/wp-json\/wp\/v2\/comments?post=105"}],"version-history":[{"count":4,"href":"https:\/\/acbenetusser.com\/rutatapabenetusser\/wp-json\/wp\/v2\/pages\/105\/revisions"}],"predecessor-version":[{"id":309,"href":"https:\/\/acbenetusser.com\/rutatapabenetusser\/wp-json\/wp\/v2\/pages\/105\/revisions\/309"}],"wp:featuredmedia":[{"embeddable":true,"href":"https:\/\/acbenetusser.com\/rutatapabenetusser\/wp-json\/wp\/v2\/media\/104"}],"wp:attachment":[{"href":"https:\/\/acbenetusser.com\/rutatapabenetusser\/wp-json\/wp\/v2\/media?parent=105"}],"curies":[{"name":"wp","href":"https:\/\/api.w.org\/{rel}","templated":true}]}}