{"id":109,"date":"2023-11-22T03:44:44","date_gmt":"2023-11-22T02:44:44","guid":{"rendered":"https:\/\/acbenetusser.com\/rutatapabenetusser\/?page_id=109"},"modified":"2023-12-06T07:15:50","modified_gmt":"2023-12-06T06:15:50","slug":"sorteig","status":"publish","type":"page","link":"https:\/\/acbenetusser.com\/rutatapabenetusser\/sorteig\/","title":{"rendered":"Sorteig"},"content":{"rendered":"\n<p>Se sortejaran 14 premis entre les persones que visiten sis establiments de la ruta i depositen la seua &#8220;passatapes&#8221; en les urnes que es trobaran en cadascun dels locals d&#8217;hostaleria participants. Els &#8220;passatapes&#8221; hi hauran d&#8217;anar obligat\u00f2riament segellats per cadascun dels establiments visitats. Se sortejaran 14 premis entre les persones que visiten sis establiments de la ruta i depositen la seua &#8220;passatapes&#8221; en les urnes que es trobaran en cadascun dels locals d&#8217;hostaleria participants. Els &#8220;passatapes&#8221; hi hauran d&#8217;anar obligat\u00f2riament segellats per cadascun dels establiments visitats.<\/p>\n\n\n\n<h2 class=\"wp-block-heading\">Premis<\/h2>\n\n\n\n<p>Premis per a ser consumits en els establiments d&#8217;hostaleria associats a la Associaci\u00f3 de Comer\u00e7 i Hostaleria de Benet\u00fasser que participen en la promoci\u00f3:<\/p>\n\n\n\n<ul class=\"wp-block-list\">\n<li>1 Premi de 100 \u20ac<\/li>\n\n\n\n<li>1 Premi de 50 \u20ac<\/li>\n\n\n\n<li>1 Premi de 20 \u20ac<\/li>\n<\/ul>\n\n\n\n<p>Premis per a ser consumits en els establiments participants en la 8a Ruta de la Tapa de Benet\u00fasser:<\/p>\n\n\n\n<ul class=\"wp-block-list\">\n<li>12 premis de 25\u20ac cadascun. Nom\u00e9s podran ser consumits en els establiments designats.<\/li>\n<\/ul>\n\n\n\n<h2 class=\"wp-block-heading\">Condicions de participaci\u00f3<\/h2>\n\n\n\n<ul class=\"wp-block-list\">\n<li>La votaci\u00f3 i participaci\u00f3 en el sorteig es realitzar\u00e0 mitjan\u00e7ant un \u2018PASSATAPES\u2019.<\/li>\n\n\n\n<li>En cadascun dels establiments participants de la <em>8a Ruta de la Tapa de Benet\u00fasser hi haur\u00e0 una urna on s&#8217;hauran de depositar els \u201c<\/em>passatapes\u201d.<\/li>\n\n\n\n<li>Els participants podran aportar tantes \u201cpassatapes\u201d com desitgen no establint cap l\u00edmit quant al seu n\u00famero.<\/li>\n\n\n\n<li>Nom\u00e9s s&#8217;assignara un premi per persona.<\/li>\n\n\n\n<li>Perqu\u00e8 els \u201cPassatapes\u201d siguen considerats v\u00e0lids hauran de ser segellats per sis establiments diferents i portar nom i tel\u00e8fon de contacte del participant.<\/li>\n\n\n\n<li>Els \u201cpassatapes\u201d que porten m\u00e9s d&#8217;un segell del mateix establiment o que no porten les dades de contacte b\u00e0sic (nom i tel\u00e8fon) seran considerats no v\u00e0lids.<\/li>\n\n\n\n<li>Els participants tamb\u00e9 podran triar quina \u00e9s la tapa que m\u00e9s li ha agradat. La tapa m\u00e9s votada ser\u00e0 premiada com a TAPA POPULAR DE BENET\u00daSSER 2023.<\/li>\n\n\n\n<li>El l\u00edmit m\u00e0xim per a depositar els \u201cpassatapes\u201d ser\u00e0 fins al 26 novembre de 2023.<\/li>\n\n\n\n<li>El resultat es donar\u00e0 a con\u00e9ixer el 17 de desembre en el Mercat de Nadal, aix\u00ed com en les xarxes socials de l&#8217;Ajuntament de Benet\u00fasser i de la Associaci\u00f3 de Comer\u00e7 i Hostaleria de Benet\u00fasser.<\/li>\n\n\n\n<li>Per a garantir la transpar\u00e8ncia del sorteig, l&#8217;acceptaci\u00f3 del premi per part del guanyador implicar\u00e0 necess\u00e0riament que autoritza l&#8217;entitat organitzadora a utilitzar p\u00fablicament el seu nom i imatge en el material publicitari relacionat amb la present promoci\u00f3, tant en premsa escrita com en mitjans audiovisuals o internet.<\/li>\n<\/ul>\n\n\n\n<h3 class=\"wp-block-heading\">Protecci\u00f3 de dades<\/h3>\n\n\n\n<ul class=\"wp-block-list\">\n<li>La participaci\u00f3 en el sorteig implica, per si mateixa, l&#8217;acceptaci\u00f3 de les bases.<\/li>\n\n\n\n<li>La falta d&#8217;aquesta acceptaci\u00f3 per part del concursant comportar\u00e0 l&#8217;exclusi\u00f3 del sorteig.<\/li>\n\n\n\n<li>L&#8217;organitzaci\u00f3 no podr\u00e0 utilitzar aquestes dades amb una finalitat diferent a la finalitat indicada en les presents bases, tractant-los d&#8217;acord amb la legislaci\u00f3 vigent en mat\u00e8ria de protecci\u00f3 de dades.<\/li>\n<\/ul>\n\n\n\n<h3 class=\"wp-block-heading\">Responsabilitat i Acceptaci\u00f3 de les bases<\/h3>\n\n\n\n<p>La participaci\u00f3 en el sorteig suposa l&#8217;acceptaci\u00f3 de les presents bases sense cap modificaci\u00f3 i sense necessitat de signatura convencional, aix\u00ed com del criteri de l&#8217;organitzaci\u00f3 quant a la resoluci\u00f3 de qualsevol q\u00fcesti\u00f3 derivada del sorteig.<\/p>\n","protected":false},"excerpt":{"rendered":"<div class=\"mh-excerpt\"><p>Se sortejaran 14 premis entre les persones que visiten sis establiments de la ruta i depositen la seua &#8220;passatapes&#8221; en les urnes que es trobaran <a class=\"mh-excerpt-more\" href=\"https:\/\/acbenetusser.com\/rutatapabenetusser\/sorteig\/\" title=\"Sorteig\">[&#8230;]<\/a><\/p>\n<\/div>","protected":false},"author":1,"featured_media":104,"parent":0,"menu_order":0,"comment_status":"closed","ping_status":"closed","template":"template-full.php","meta":{"footnotes":""},"class_list":["post-109","page","type-page","status-publish","has-post-thumbnail","hentry"],"yoast_head":"<!-- This site is optimized with the Yoast SEO plugin v25.1 - https:\/\/yoast.com\/wordpress\/plugins\/seo\/ -->\n<title>Sorteig - Ruta de la Tapa de Benet\u00fasser<\/title>\n<meta name=\"description\" content=\"Condicions i bases de participaci\u00f3 en el sorteig de la 8\u00aa Ruta de la Tapa de Benet\u00fasser\" \/>\n<meta name=\"robots\" content=\"index, follow, max-snippet:-1, max-image-preview:large, max-video-preview:-1\" \/>\n<link rel=\"canonical\" href=\"https:\/\/acbenetusser.com\/rutatapabenetusser\/sorteig\/\" \/>\n<meta property=\"og:locale\" content=\"ca_ES\" \/>\n<meta property=\"og:type\" content=\"article\" \/>\n<meta property=\"og:title\" content=\"Sorteig - Ruta de la Tapa de Benet\u00fasser\" \/>\n<meta property=\"og:description\" content=\"Condicions i bases de participaci\u00f3 en el sorteig de la 8\u00aa Ruta de la Tapa de Benet\u00fasser\" \/>\n<meta property=\"og:url\" content=\"https:\/\/acbenetusser.com\/rutatapabenetusser\/sorteig\/\" \/>\n<meta property=\"og:site_name\" content=\"Ruta de la Tapa de Benet\u00fasser\" \/>\n<meta property=\"article:modified_time\" content=\"2023-12-06T06:15:50+00:00\" \/>\n<meta property=\"og:image\" content=\"https:\/\/acbenetusser.com\/rutatapabenetusser\/wp-content\/uploads\/sites\/3\/2023\/11\/cropped-820Ruta20de20la20tapa20de20Benetusser.jpg\" \/>\n\t<meta property=\"og:image:width\" content=\"1024\" \/>\n\t<meta property=\"og:image:height\" content=\"375\" \/>\n\t<meta property=\"og:image:type\" content=\"image\/jpeg\" \/>\n<meta name=\"twitter:card\" content=\"summary_large_image\" \/>\n<meta name=\"twitter:label1\" content=\"Temps estimat de lectura\" \/>\n\t<meta name=\"twitter:data1\" content=\"3 minuts\" \/>\n<script type=\"application\/ld+json\" class=\"yoast-schema-graph\">{\"@context\":\"https:\/\/schema.org\",\"@graph\":[{\"@type\":\"WebPage\",\"@id\":\"https:\/\/acbenetusser.com\/rutatapabenetusser\/sorteig\/\",\"url\":\"https:\/\/acbenetusser.com\/rutatapabenetusser\/sorteig\/\",\"name\":\"Sorteig - Ruta de la Tapa de Benet\u00fasser\",\"isPartOf\":{\"@id\":\"https:\/\/acbenetusser.com\/rutatapabenetusser\/#website\"},\"primaryImageOfPage\":{\"@id\":\"https:\/\/acbenetusser.com\/rutatapabenetusser\/sorteig\/#primaryimage\"},\"image\":{\"@id\":\"https:\/\/acbenetusser.com\/rutatapabenetusser\/sorteig\/#primaryimage\"},\"thumbnailUrl\":\"https:\/\/acbenetusser.com\/rutatapabenetusser\/wp-content\/uploads\/sites\/3\/2023\/11\/cropped-820Ruta20de20la20tapa20de20Benetusser.jpg\",\"datePublished\":\"2023-11-22T02:44:44+00:00\",\"dateModified\":\"2023-12-06T06:15:50+00:00\",\"description\":\"Condicions i bases de participaci\u00f3 en el sorteig de la 8\u00aa Ruta de la Tapa de Benet\u00fasser\",\"breadcrumb\":{\"@id\":\"https:\/\/acbenetusser.com\/rutatapabenetusser\/sorteig\/#breadcrumb\"},\"inLanguage\":\"ca\",\"potentialAction\":[{\"@type\":\"ReadAction\",\"target\":[\"https:\/\/acbenetusser.com\/rutatapabenetusser\/sorteig\/\"]}]},{\"@type\":\"ImageObject\",\"inLanguage\":\"ca\",\"@id\":\"https:\/\/acbenetusser.com\/rutatapabenetusser\/sorteig\/#primaryimage\",\"url\":\"https:\/\/acbenetusser.com\/rutatapabenetusser\/wp-content\/uploads\/sites\/3\/2023\/11\/cropped-820Ruta20de20la20tapa20de20Benetusser.jpg\",\"contentUrl\":\"https:\/\/acbenetusser.com\/rutatapabenetusser\/wp-content\/uploads\/sites\/3\/2023\/11\/cropped-820Ruta20de20la20tapa20de20Benetusser.jpg\",\"width\":1024,\"height\":375,\"caption\":\"Banner 8\u00aa Ruta de la Tpa de Benet\u00fasser\"},{\"@type\":\"BreadcrumbList\",\"@id\":\"https:\/\/acbenetusser.com\/rutatapabenetusser\/sorteig\/#breadcrumb\",\"itemListElement\":[{\"@type\":\"ListItem\",\"position\":1,\"name\":\"Inici\",\"item\":\"https:\/\/acbenetusser.com\/rutatapabenetusser\/\"},{\"@type\":\"ListItem\",\"position\":2,\"name\":\"Sorteig\"}]},{\"@type\":\"WebSite\",\"@id\":\"https:\/\/acbenetusser.com\/rutatapabenetusser\/#website\",\"url\":\"https:\/\/acbenetusser.com\/rutatapabenetusser\/\",\"name\":\"Ruta de la Tapa de Benet\u00fasser\",\"description\":\"9\u00aa Edici\u00f3: 2024. Des del 20 fins al 24 de novembre\",\"potentialAction\":[{\"@type\":\"SearchAction\",\"target\":{\"@type\":\"EntryPoint\",\"urlTemplate\":\"https:\/\/acbenetusser.com\/rutatapabenetusser\/?s={search_term_string}\"},\"query-input\":{\"@type\":\"PropertyValueSpecification\",\"valueRequired\":true,\"valueName\":\"search_term_string\"}}],\"inLanguage\":\"ca\"}]}<\/script>\n<!-- \/ Yoast SEO plugin. -->","yoast_head_json":{"title":"Sorteig - Ruta de la Tapa de Benet\u00fasser","description":"Condicions i bases de participaci\u00f3 en el sorteig de la 8\u00aa Ruta de la Tapa de Benet\u00fasser","robots":{"index":"index","follow":"follow","max-snippet":"max-snippet:-1","max-image-preview":"max-image-preview:large","max-video-preview":"max-video-preview:-1"},"canonical":"https:\/\/acbenetusser.com\/rutatapabenetusser\/sorteig\/","og_locale":"ca_ES","og_type":"article","og_title":"Sorteig - Ruta de la Tapa de Benet\u00fasser","og_description":"Condicions i bases de participaci\u00f3 en el sorteig de la 8\u00aa Ruta de la Tapa de Benet\u00fasser","og_url":"https:\/\/acbenetusser.com\/rutatapabenetusser\/sorteig\/","og_site_name":"Ruta de la Tapa de Benet\u00fasser","article_modified_time":"2023-12-06T06:15:50+00:00","og_image":[{"width":1024,"height":375,"url":"https:\/\/acbenetusser.com\/rutatapabenetusser\/wp-content\/uploads\/sites\/3\/2023\/11\/cropped-820Ruta20de20la20tapa20de20Benetusser.jpg","type":"image\/jpeg"}],"twitter_card":"summary_large_image","twitter_misc":{"Temps estimat de lectura":"3 minuts"},"schema":{"@context":"https:\/\/schema.org","@graph":[{"@type":"WebPage","@id":"https:\/\/acbenetusser.com\/rutatapabenetusser\/sorteig\/","url":"https:\/\/acbenetusser.com\/rutatapabenetusser\/sorteig\/","name":"Sorteig - Ruta de la Tapa de Benet\u00fasser","isPartOf":{"@id":"https:\/\/acbenetusser.com\/rutatapabenetusser\/#website"},"primaryImageOfPage":{"@id":"https:\/\/acbenetusser.com\/rutatapabenetusser\/sorteig\/#primaryimage"},"image":{"@id":"https:\/\/acbenetusser.com\/rutatapabenetusser\/sorteig\/#primaryimage"},"thumbnailUrl":"https:\/\/acbenetusser.com\/rutatapabenetusser\/wp-content\/uploads\/sites\/3\/2023\/11\/cropped-820Ruta20de20la20tapa20de20Benetusser.jpg","datePublished":"2023-11-22T02:44:44+00:00","dateModified":"2023-12-06T06:15:50+00:00","description":"Condicions i bases de participaci\u00f3 en el sorteig de la 8\u00aa Ruta de la Tapa de Benet\u00fasser","breadcrumb":{"@id":"https:\/\/acbenetusser.com\/rutatapabenetusser\/sorteig\/#breadcrumb"},"inLanguage":"ca","potentialAction":[{"@type":"ReadAction","target":["https:\/\/acbenetusser.com\/rutatapabenetusser\/sorteig\/"]}]},{"@type":"ImageObject","inLanguage":"ca","@id":"https:\/\/acbenetusser.com\/rutatapabenetusser\/sorteig\/#primaryimage","url":"https:\/\/acbenetusser.com\/rutatapabenetusser\/wp-content\/uploads\/sites\/3\/2023\/11\/cropped-820Ruta20de20la20tapa20de20Benetusser.jpg","contentUrl":"https:\/\/acbenetusser.com\/rutatapabenetusser\/wp-content\/uploads\/sites\/3\/2023\/11\/cropped-820Ruta20de20la20tapa20de20Benetusser.jpg","width":1024,"height":375,"caption":"Banner 8\u00aa Ruta de la Tpa de Benet\u00fasser"},{"@type":"BreadcrumbList","@id":"https:\/\/acbenetusser.com\/rutatapabenetusser\/sorteig\/#breadcrumb","itemListElement":[{"@type":"ListItem","position":1,"name":"Inici","item":"https:\/\/acbenetusser.com\/rutatapabenetusser\/"},{"@type":"ListItem","position":2,"name":"Sorteig"}]},{"@type":"WebSite","@id":"https:\/\/acbenetusser.com\/rutatapabenetusser\/#website","url":"https:\/\/acbenetusser.com\/rutatapabenetusser\/","name":"Ruta de la Tapa de Benet\u00fasser","description":"9\u00aa Edici\u00f3: 2024. Des del 20 fins al 24 de novembre","potentialAction":[{"@type":"SearchAction","target":{"@type":"EntryPoint","urlTemplate":"https:\/\/acbenetusser.com\/rutatapabenetusser\/?s={search_term_string}"},"query-input":{"@type":"PropertyValueSpecification","valueRequired":true,"valueName":"search_term_string"}}],"inLanguage":"ca"}]}},"_links":{"self":[{"href":"https:\/\/acbenetusser.com\/rutatapabenetusser\/wp-json\/wp\/v2\/pages\/109","targetHints":{"allow":["GET"]}}],"collection":[{"href":"https:\/\/acbenetusser.com\/rutatapabenetusser\/wp-json\/wp\/v2\/pages"}],"about":[{"href":"https:\/\/acbenetusser.com\/rutatapabenetusser\/wp-json\/wp\/v2\/types\/page"}],"author":[{"embeddable":true,"href":"https:\/\/acbenetusser.com\/rutatapabenetusser\/wp-json\/wp\/v2\/users\/1"}],"replies":[{"embeddable":true,"href":"https:\/\/acbenetusser.com\/rutatapabenetusser\/wp-json\/wp\/v2\/comments?post=109"}],"version-history":[{"count":4,"href":"https:\/\/acbenetusser.com\/rutatapabenetusser\/wp-json\/wp\/v2\/pages\/109\/revisions"}],"predecessor-version":[{"id":310,"href":"https:\/\/acbenetusser.com\/rutatapabenetusser\/wp-json\/wp\/v2\/pages\/109\/revisions\/310"}],"wp:featuredmedia":[{"embeddable":true,"href":"https:\/\/acbenetusser.com\/rutatapabenetusser\/wp-json\/wp\/v2\/media\/104"}],"wp:attachment":[{"href":"https:\/\/acbenetusser.com\/rutatapabenetusser\/wp-json\/wp\/v2\/media?parent=109"}],"curies":[{"name":"wp","href":"https:\/\/api.w.org\/{rel}","templated":true}]}}