{"id":113,"date":"2023-11-22T03:51:46","date_gmt":"2023-11-22T02:51:46","guid":{"rendered":"https:\/\/acbenetusser.com\/rutatapabenetusser\/?page_id=113"},"modified":"2024-10-07T07:37:26","modified_gmt":"2024-10-07T05:37:26","slug":"inicio","status":"publish","type":"page","link":"https:\/\/acbenetusser.com\/rutatapabenetusser\/es\/inicio\/","title":{"rendered":"Ruta de la Tapa de Benet\u00fasser"},"content":{"rendered":"","protected":false},"excerpt":{"rendered":"<div class=\"mh-excerpt\"><\/div>","protected":false},"author":1,"featured_media":0,"parent":0,"menu_order":0,"comment_status":"closed","ping_status":"closed","template":"homepage.php","meta":{"footnotes":""},"class_list":["post-113","page","type-page","status-publish","hentry"],"yoast_head":"<!-- This site is optimized with the Yoast SEO plugin v25.1 - https:\/\/yoast.com\/wordpress\/plugins\/seo\/ -->\n<title>Ruta de la Tapa de Benet\u00fasser - Ruta de la Tapa de Benet\u00fasser<\/title>\n<meta name=\"description\" content=\"P\u00e1gina de inicio en castellano de 8\u00aa Ruta de la Tapa de Benet\u00fasser\" \/>\n<meta name=\"robots\" content=\"index, follow, max-snippet:-1, max-image-preview:large, max-video-preview:-1\" \/>\n<link rel=\"canonical\" href=\"https:\/\/acbenetusser.com\/rutatapabenetusser\/es\/inicio\/\" \/>\n<meta property=\"og:locale\" content=\"ca_ES\" \/>\n<meta property=\"og:type\" content=\"article\" \/>\n<meta property=\"og:title\" content=\"Ruta de la Tapa de Benet\u00fasser - Ruta de la Tapa de Benet\u00fasser\" \/>\n<meta property=\"og:description\" content=\"P\u00e1gina de inicio en castellano de 8\u00aa Ruta de la Tapa de Benet\u00fasser\" \/>\n<meta property=\"og:url\" content=\"https:\/\/acbenetusser.com\/rutatapabenetusser\/es\/inicio\/\" \/>\n<meta property=\"og:site_name\" content=\"Ruta de la Tapa de Benet\u00fasser\" \/>\n<meta property=\"article:modified_time\" content=\"2024-10-07T05:37:26+00:00\" \/>\n<meta name=\"twitter:card\" content=\"summary_large_image\" \/>\n<script type=\"application\/ld+json\" class=\"yoast-schema-graph\">{\"@context\":\"https:\/\/schema.org\",\"@graph\":[{\"@type\":\"WebPage\",\"@id\":\"https:\/\/acbenetusser.com\/rutatapabenetusser\/es\/inicio\/\",\"url\":\"https:\/\/acbenetusser.com\/rutatapabenetusser\/es\/inicio\/\",\"name\":\"Ruta de la Tapa de Benet\u00fasser - Ruta de la Tapa de Benet\u00fasser\",\"isPartOf\":{\"@id\":\"https:\/\/acbenetusser.com\/rutatapabenetusser\/#website\"},\"datePublished\":\"2023-11-22T02:51:46+00:00\",\"dateModified\":\"2024-10-07T05:37:26+00:00\",\"description\":\"P\u00e1gina de inicio en castellano de 8\u00aa Ruta de la Tapa de Benet\u00fasser\",\"breadcrumb\":{\"@id\":\"https:\/\/acbenetusser.com\/rutatapabenetusser\/es\/inicio\/#breadcrumb\"},\"inLanguage\":\"ca\",\"potentialAction\":[{\"@type\":\"ReadAction\",\"target\":[\"https:\/\/acbenetusser.com\/rutatapabenetusser\/es\/inicio\/\"]}]},{\"@type\":\"BreadcrumbList\",\"@id\":\"https:\/\/acbenetusser.com\/rutatapabenetusser\/es\/inicio\/#breadcrumb\",\"itemListElement\":[{\"@type\":\"ListItem\",\"position\":1,\"name\":\"Inici\",\"item\":\"https:\/\/acbenetusser.com\/rutatapabenetusser\/\"},{\"@type\":\"ListItem\",\"position\":2,\"name\":\"Ruta de la Tapa de Benet\u00fasser\"}]},{\"@type\":\"WebSite\",\"@id\":\"https:\/\/acbenetusser.com\/rutatapabenetusser\/#website\",\"url\":\"https:\/\/acbenetusser.com\/rutatapabenetusser\/\",\"name\":\"Ruta de la Tapa de Benet\u00fasser\",\"description\":\"9\u00aa Edici\u00f3: 2024. Des del 20 fins al 24 de novembre\",\"potentialAction\":[{\"@type\":\"SearchAction\",\"target\":{\"@type\":\"EntryPoint\",\"urlTemplate\":\"https:\/\/acbenetusser.com\/rutatapabenetusser\/?s={search_term_string}\"},\"query-input\":{\"@type\":\"PropertyValueSpecification\",\"valueRequired\":true,\"valueName\":\"search_term_string\"}}],\"inLanguage\":\"ca\"}]}<\/script>\n<!-- \/ Yoast SEO plugin. -->","yoast_head_json":{"title":"Ruta de la Tapa de Benet\u00fasser - Ruta de la Tapa de Benet\u00fasser","description":"P\u00e1gina de inicio en castellano de 8\u00aa Ruta de la Tapa de Benet\u00fasser","robots":{"index":"index","follow":"follow","max-snippet":"max-snippet:-1","max-image-preview":"max-image-preview:large","max-video-preview":"max-video-preview:-1"},"canonical":"https:\/\/acbenetusser.com\/rutatapabenetusser\/es\/inicio\/","og_locale":"ca_ES","og_type":"article","og_title":"Ruta de la Tapa de Benet\u00fasser - Ruta de la Tapa de Benet\u00fasser","og_description":"P\u00e1gina de inicio en castellano de 8\u00aa Ruta de la Tapa de Benet\u00fasser","og_url":"https:\/\/acbenetusser.com\/rutatapabenetusser\/es\/inicio\/","og_site_name":"Ruta de la Tapa de Benet\u00fasser","article_modified_time":"2024-10-07T05:37:26+00:00","twitter_card":"summary_large_image","schema":{"@context":"https:\/\/schema.org","@graph":[{"@type":"WebPage","@id":"https:\/\/acbenetusser.com\/rutatapabenetusser\/es\/inicio\/","url":"https:\/\/acbenetusser.com\/rutatapabenetusser\/es\/inicio\/","name":"Ruta de la Tapa de Benet\u00fasser - Ruta de la Tapa de Benet\u00fasser","isPartOf":{"@id":"https:\/\/acbenetusser.com\/rutatapabenetusser\/#website"},"datePublished":"2023-11-22T02:51:46+00:00","dateModified":"2024-10-07T05:37:26+00:00","description":"P\u00e1gina de inicio en castellano de 8\u00aa Ruta de la Tapa de Benet\u00fasser","breadcrumb":{"@id":"https:\/\/acbenetusser.com\/rutatapabenetusser\/es\/inicio\/#breadcrumb"},"inLanguage":"ca","potentialAction":[{"@type":"ReadAction","target":["https:\/\/acbenetusser.com\/rutatapabenetusser\/es\/inicio\/"]}]},{"@type":"BreadcrumbList","@id":"https:\/\/acbenetusser.com\/rutatapabenetusser\/es\/inicio\/#breadcrumb","itemListElement":[{"@type":"ListItem","position":1,"name":"Inici","item":"https:\/\/acbenetusser.com\/rutatapabenetusser\/"},{"@type":"ListItem","position":2,"name":"Ruta de la Tapa de Benet\u00fasser"}]},{"@type":"WebSite","@id":"https:\/\/acbenetusser.com\/rutatapabenetusser\/#website","url":"https:\/\/acbenetusser.com\/rutatapabenetusser\/","name":"Ruta de la Tapa de Benet\u00fasser","description":"9\u00aa Edici\u00f3: 2024. Des del 20 fins al 24 de novembre","potentialAction":[{"@type":"SearchAction","target":{"@type":"EntryPoint","urlTemplate":"https:\/\/acbenetusser.com\/rutatapabenetusser\/?s={search_term_string}"},"query-input":{"@type":"PropertyValueSpecification","valueRequired":true,"valueName":"search_term_string"}}],"inLanguage":"ca"}]}},"_links":{"self":[{"href":"https:\/\/acbenetusser.com\/rutatapabenetusser\/wp-json\/wp\/v2\/pages\/113","targetHints":{"allow":["GET"]}}],"collection":[{"href":"https:\/\/acbenetusser.com\/rutatapabenetusser\/wp-json\/wp\/v2\/pages"}],"about":[{"href":"https:\/\/acbenetusser.com\/rutatapabenetusser\/wp-json\/wp\/v2\/types\/page"}],"author":[{"embeddable":true,"href":"https:\/\/acbenetusser.com\/rutatapabenetusser\/wp-json\/wp\/v2\/users\/1"}],"replies":[{"embeddable":true,"href":"https:\/\/acbenetusser.com\/rutatapabenetusser\/wp-json\/wp\/v2\/comments?post=113"}],"version-history":[{"count":8,"href":"https:\/\/acbenetusser.com\/rutatapabenetusser\/wp-json\/wp\/v2\/pages\/113\/revisions"}],"predecessor-version":[{"id":389,"href":"https:\/\/acbenetusser.com\/rutatapabenetusser\/wp-json\/wp\/v2\/pages\/113\/revisions\/389"}],"wp:attachment":[{"href":"https:\/\/acbenetusser.com\/rutatapabenetusser\/wp-json\/wp\/v2\/media?parent=113"}],"curies":[{"name":"wp","href":"https:\/\/api.w.org\/{rel}","templated":true}]}}